{"id":80,"date":"2023-04-11T11:08:38","date_gmt":"2023-04-11T11:08:38","guid":{"rendered":"https:\/\/elementor.studiomicroads.pl\/?page_id=80"},"modified":"2023-04-18T10:42:12","modified_gmt":"2023-04-18T10:42:12","slug":"przeprowadzki","status":"publish","type":"page","link":"https:\/\/locobus.pl\/?page_id=80","title":{"rendered":"Przeprowadzki Polska Anglia"},"content":{"rendered":"\t\t<div data-elementor-type=\"wp-page\" data-elementor-id=\"80\" class=\"elementor elementor-80\" data-elementor-post-type=\"page\">\n\t\t\t\t\t\t<section class=\"elementor-section elementor-top-section elementor-element elementor-element-5a64a173 elementor-section-height-min-height elementor-section-content-middle elementor-section-boxed elementor-section-height-default elementor-section-items-middle\" data-id=\"5a64a173\" data-element_type=\"section\" data-e-type=\"section\" data-settings=\"{&quot;background_background&quot;:&quot;classic&quot;}\">\n\t\t\t\t\t\t<div class=\"elementor-container elementor-column-gap-default\">\n\t\t\t\t\t<div class=\"elementor-column elementor-col-100 elementor-top-column elementor-element elementor-element-6b1e5892\" data-id=\"6b1e5892\" data-element_type=\"column\" data-e-type=\"column\">\n\t\t\t<div class=\"elementor-widget-wrap elementor-element-populated\">\n\t\t\t\t\t\t<div class=\"elementor-element elementor-element-2228c518 elementor-align-center elementor-widget elementor-widget-breadcrumbs\" data-id=\"2228c518\" data-element_type=\"widget\" data-e-type=\"widget\" data-widget_type=\"breadcrumbs.default\">\n\t\t\t\t<div class=\"elementor-widget-container\">\n\t\t\t\t\t<p id=\"breadcrumbs\"><span><span><a href=\"https:\/\/locobus.pl\/\">Strona g\u0142\u00f3wna<\/a><\/span><\/span><\/p>\t\t\t\t<\/div>\n\t\t\t\t<\/div>\n\t\t\t\t\t<\/div>\n\t\t<\/div>\n\t\t\t\t\t<\/div>\n\t\t<\/section>\n\t\t\t\t<section class=\"elementor-section elementor-top-section elementor-element elementor-element-66c09096 elementor-section-boxed elementor-section-height-default elementor-section-height-default\" data-id=\"66c09096\" data-element_type=\"section\" data-e-type=\"section\">\n\t\t\t\t\t\t<div class=\"elementor-container elementor-column-gap-default\">\n\t\t\t\t\t<div class=\"elementor-column elementor-col-50 elementor-top-column elementor-element elementor-element-2eab586a\" data-id=\"2eab586a\" data-element_type=\"column\" data-e-type=\"column\">\n\t\t\t<div class=\"elementor-widget-wrap elementor-element-populated\">\n\t\t\t\t\t\t<div class=\"elementor-element elementor-element-dacae5b elementor-widget elementor-widget-heading\" data-id=\"dacae5b\" data-element_type=\"widget\" data-e-type=\"widget\" data-widget_type=\"heading.default\">\n\t\t\t\t<div class=\"elementor-widget-container\">\n\t\t\t\t\t<h2 class=\"elementor-heading-title elementor-size-default\">Przeprowadzki Polska Anglia<\/h2>\t\t\t\t<\/div>\n\t\t\t\t<\/div>\n\t\t\t\t<div class=\"elementor-element elementor-element-7aa3a332 elementor-widget elementor-widget-text-editor\" data-id=\"7aa3a332\" data-element_type=\"widget\" data-e-type=\"widget\" data-widget_type=\"text-editor.default\">\n\t\t\t\t<div class=\"elementor-widget-container\">\n\t\t\t\t\t\t\t\t\t<p>Planujesz przeprowadzk\u0119 z Polski do Anglii? Szukasz sprawdzonej firmy przewozowej, kt\u00f3ra zorganizuje Ci przeprowadzk\u0119 z Polski do Anglii szybko, sprawnie i bezpiecznie? Dobrze trafi\u0142e\u015b! Nasza firma przeprowadzkowa oferuje kompleksowe us\u0142ugi transportowe z Polski do Anglii. Dzi\u0119ki naszej pomocy przeprowadzka stanie si\u0119 \u0142atwa i bezstresowa. Zapraszamy do zapoznania si\u0119 z nasz\u0105 ofert\u0105.<\/p><p>Nasza firma przeprowadzkowa oferuje transport mienia z Polski do Anglii. Zajmujemy si\u0119 zar\u00f3wno przeprowadzkami indywidualnymi, jak i firmowymi. W naszej ofercie znajdziesz us\u0142ugi transportowe dla rodzin, student\u00f3w, a tak\u017ce dla przedsi\u0119biorstw. Niezale\u017cnie od tego, co chcesz przetransportowa\u0107 &#8211; meble, sprz\u0119t AGD, czy te\u017c dokumenty firmowe &#8211; mo\u017cesz by\u0107 pewien, \u017ce z nami dotrzesz do celu bezpiecznie i w terminie.<\/p>\t\t\t\t\t\t\t\t<\/div>\n\t\t\t\t<\/div>\n\t\t\t\t\t<\/div>\n\t\t<\/div>\n\t\t\t\t<div class=\"elementor-column elementor-col-50 elementor-top-column elementor-element elementor-element-7c3613b8\" data-id=\"7c3613b8\" data-element_type=\"column\" data-e-type=\"column\">\n\t\t\t<div class=\"elementor-widget-wrap elementor-element-populated\">\n\t\t\t\t\t\t<div class=\"elementor-element elementor-element-4bbeb131 elementor-widget elementor-widget-image\" data-id=\"4bbeb131\" data-element_type=\"widget\" data-e-type=\"widget\" data-widget_type=\"image.default\">\n\t\t\t\t<div class=\"elementor-widget-container\">\n\t\t\t\t\t\t\t\t\t\t\t\t\t\t\t<img decoding=\"async\" src=\"https:\/\/locobus.pl\/wp-content\/uploads\/elementor\/thumbs\/pexels-karolina-grabowska-4498143-scaled-q56080mr008xko6iqslqjqo5e5dk9x4bkwpi7u1se8.jpg\" title=\"pexels-karolina-grabowska-4498143\" alt=\"pexels-karolina-grabowska-4498143\" loading=\"lazy\" \/>\t\t\t\t\t\t\t\t\t\t\t\t\t\t\t<\/div>\n\t\t\t\t<\/div>\n\t\t\t\t\t<\/div>\n\t\t<\/div>\n\t\t\t\t\t<\/div>\n\t\t<\/section>\n\t\t\t\t<section class=\"elementor-section elementor-top-section elementor-element elementor-element-33cdad1 elementor-section-boxed elementor-section-height-default elementor-section-height-default\" data-id=\"33cdad1\" data-element_type=\"section\" data-e-type=\"section\" data-settings=\"{&quot;background_background&quot;:&quot;classic&quot;}\">\n\t\t\t\t\t\t\t<div class=\"elementor-background-overlay\"><\/div>\n\t\t\t\t\t\t\t<div class=\"elementor-container elementor-column-gap-default\">\n\t\t\t\t\t<div class=\"elementor-column elementor-col-100 elementor-top-column elementor-element elementor-element-2666c0fe\" data-id=\"2666c0fe\" data-element_type=\"column\" data-e-type=\"column\">\n\t\t\t<div class=\"elementor-widget-wrap elementor-element-populated\">\n\t\t\t\t\t\t<div class=\"elementor-element elementor-element-1dfbd458 elementor-widget-divider--view-line elementor-widget elementor-widget-divider\" data-id=\"1dfbd458\" data-element_type=\"widget\" data-e-type=\"widget\" data-widget_type=\"divider.default\">\n\t\t\t\t<div class=\"elementor-widget-container\">\n\t\t\t\t\t\t\t<div class=\"elementor-divider\">\n\t\t\t<span class=\"elementor-divider-separator\">\n\t\t\t\t\t\t<\/span>\n\t\t<\/div>\n\t\t\t\t\t\t<\/div>\n\t\t\t\t<\/div>\n\t\t\t\t<div class=\"elementor-element elementor-element-437b4f2b tekst elementor-widget elementor-widget-text-editor\" data-id=\"437b4f2b\" data-element_type=\"widget\" data-e-type=\"widget\" data-widget_type=\"text-editor.default\">\n\t\t\t\t<div class=\"elementor-widget-container\">\n\t\t\t\t\t\t\t\t\t<p>Oferujemy mo\u017cliwo\u015b\u0107 zam\u00f3wienia kursu przez telefon&nbsp;<a href=\"http:\/\/tel:+48667180535\" target=\"_blank\"><b>667-180-535<\/b><\/a>, poprzez wys\u0142anie kr\u00f3tkiej wiadomo\u015bci <b>SMS <\/b>lub przez <b>internet<\/b>.<\/p>\t\t\t\t\t\t\t\t<\/div>\n\t\t\t\t<\/div>\n\t\t\t\t<div class=\"elementor-element elementor-element-444c5052 elementor-widget-divider--view-line elementor-widget elementor-widget-divider\" data-id=\"444c5052\" data-element_type=\"widget\" data-e-type=\"widget\" data-widget_type=\"divider.default\">\n\t\t\t\t<div class=\"elementor-widget-container\">\n\t\t\t\t\t\t\t<div class=\"elementor-divider\">\n\t\t\t<span class=\"elementor-divider-separator\">\n\t\t\t\t\t\t<\/span>\n\t\t<\/div>\n\t\t\t\t\t\t<\/div>\n\t\t\t\t<\/div>\n\t\t\t\t\t<\/div>\n\t\t<\/div>\n\t\t\t\t\t<\/div>\n\t\t<\/section>\n\t\t\t\t<section class=\"elementor-section elementor-top-section elementor-element elementor-element-2db431ed elementor-section-boxed elementor-section-height-default elementor-section-height-default\" data-id=\"2db431ed\" data-element_type=\"section\" data-e-type=\"section\">\n\t\t\t\t\t\t<div class=\"elementor-container elementor-column-gap-default\">\n\t\t\t\t\t<div class=\"elementor-column elementor-col-100 elementor-top-column elementor-element elementor-element-4c5d88f0\" data-id=\"4c5d88f0\" data-element_type=\"column\" data-e-type=\"column\">\n\t\t\t<div class=\"elementor-widget-wrap elementor-element-populated\">\n\t\t\t\t\t\t<div class=\"elementor-element elementor-element-45b4d3e7 elementor-widget elementor-widget-text-editor\" data-id=\"45b4d3e7\" data-element_type=\"widget\" data-e-type=\"widget\" data-widget_type=\"text-editor.default\">\n\t\t\t\t<div class=\"elementor-widget-container\">\n\t\t\t\t\t\t\t\t\t<p>Nasza firma przeprowadzkowa zapewnia kompleksow\u0105 obs\u0142ug\u0119 transportow\u0105. Przygotujemy dla Ciebie plan przeprowadzki, zorganizujemy transport, a tak\u017ce zajmiemy si\u0119 pakowaniem i rozpakowywaniem Twojego mienia. Dzi\u0119ki naszym us\u0142ugom przeprowadzka stanie si\u0119 dla Ciebie \u0142atwa i bezpieczna. Dbamy o ka\u017cdy detal, aby Twoje mienie dotar\u0142o do celu w stanie nienaruszonym.<\/p><p>Nasza firma przeprowadzkowa posiada bogate do\u015bwiadczenie w bran\u017cy transportowej. Dzi\u0119ki temu mo\u017cesz by\u0107 pewien, \u017ce z nami Twoja przeprowadzka z Polski do Anglii b\u0119dzie wykonana profesjonalnie. Wszyscy nasi pracownicy s\u0105 odpowiednio przeszkoleni i posiadaj\u0105 du\u017ce do\u015bwiadczenie w bran\u017cy przeprowadzkowej. Dlatego mo\u017cesz by\u0107 spokojny o bezpiecze\u0144stwo swojego mienia.<\/p><p>Je\u015bli szukasz solidnej i rzetelnej firmy przeprowadzkowej, kt\u00f3ra zorganizuje dla Ciebie transport z Polski do Anglii, skontaktuj si\u0119 z nami. Jeste\u015bmy do Twojej dyspozycji i ch\u0119tnie odpowiemy na wszystkie Twoje pytania. Zapewniamy konkurencyjne ceny i wysok\u0105 jako\u015b\u0107 us\u0142ug. Dzi\u0119ki nam Twoja przeprowadzka do Anglii stanie si\u0119 \u0142atwa i bezstresowa.<\/p>\t\t\t\t\t\t\t\t<\/div>\n\t\t\t\t<\/div>\n\t\t\t\t\t<\/div>\n\t\t<\/div>\n\t\t\t\t\t<\/div>\n\t\t<\/section>\n\t\t\t\t<\/div>\n\t\t","protected":false},"excerpt":{"rendered":"<p>Przeprowadzki Polska Anglia Planujesz przeprowadzk\u0119 z Polski do Anglii? Szukasz sprawdzonej firmy przewozowej, kt\u00f3ra zorganizuje Ci przeprowadzk\u0119 z Polski do Anglii szybko, sprawnie i bezpiecznie? Dobrze trafi\u0142e\u015b! Nasza firma przeprowadzkowa oferuje kompleksowe us\u0142ugi transportowe z Polski do Anglii. Dzi\u0119ki naszej pomocy przeprowadzka stanie si\u0119 \u0142atwa i bezstresowa. Zapraszamy do zapoznania si\u0119 z nasz\u0105 ofert\u0105. Nasza [&hellip;]<\/p>\n","protected":false},"author":1,"featured_media":0,"parent":0,"menu_order":0,"comment_status":"closed","ping_status":"closed","template":"elementor_header_footer","meta":{"footnotes":""},"class_list":["post-80","page","type-page","status-publish","hentry"],"yoast_head":"<!-- This site is optimized with the Yoast SEO plugin v27.4 - https:\/\/yoast.com\/product\/yoast-seo-wordpress\/ -->\n<title>Przeprowadzki Polska Anglia - LOCOBUS MI\u0118DZYNARODOWE PRZEWOZY PASA\u017bERSKIE<\/title>\n<meta name=\"robots\" content=\"index, follow, max-snippet:-1, max-image-preview:large, max-video-preview:-1\" \/>\n<link rel=\"canonical\" href=\"https:\/\/locobus.pl\/?page_id=80\" \/>\n<meta property=\"og:locale\" content=\"pl_PL\" \/>\n<meta property=\"og:type\" content=\"article\" \/>\n<meta property=\"og:title\" content=\"Przeprowadzki Polska Anglia - LOCOBUS MI\u0118DZYNARODOWE PRZEWOZY PASA\u017bERSKIE\" \/>\n<meta property=\"og:description\" content=\"Przeprowadzki Polska Anglia Planujesz przeprowadzk\u0119 z Polski do Anglii? Szukasz sprawdzonej firmy przewozowej, kt\u00f3ra zorganizuje Ci przeprowadzk\u0119 z Polski do Anglii szybko, sprawnie i bezpiecznie? Dobrze trafi\u0142e\u015b! Nasza firma przeprowadzkowa oferuje kompleksowe us\u0142ugi transportowe z Polski do Anglii. Dzi\u0119ki naszej pomocy przeprowadzka stanie si\u0119 \u0142atwa i bezstresowa. Zapraszamy do zapoznania si\u0119 z nasz\u0105 ofert\u0105. Nasza [&hellip;]\" \/>\n<meta property=\"og:url\" content=\"https:\/\/locobus.pl\/?page_id=80\" \/>\n<meta property=\"og:site_name\" content=\"LOCOBUS MI\u0118DZYNARODOWE PRZEWOZY PASA\u017bERSKIE\" \/>\n<meta property=\"article:modified_time\" content=\"2023-04-18T10:42:12+00:00\" \/>\n<meta property=\"og:image\" content=\"https:\/\/elementor.studiomicroads.pl\/wp-content\/uploads\/elementor\/thumbs\/pexels-karolina-grabowska-4498143-scaled-q4wawfjvot7wjqx5bxfcm59au8u52ax0ljeq3fzugw.jpg\" \/>\n<meta name=\"twitter:card\" content=\"summary_large_image\" \/>\n<meta name=\"twitter:label1\" content=\"Szacowany czas czytania\" \/>\n\t<meta name=\"twitter:data1\" content=\"2 minuty\" \/>\n<script type=\"application\/ld+json\" class=\"yoast-schema-graph\">{\"@context\":\"https:\\\/\\\/schema.org\",\"@graph\":[{\"@type\":\"WebPage\",\"@id\":\"https:\\\/\\\/locobus.pl\\\/?page_id=80\",\"url\":\"https:\\\/\\\/locobus.pl\\\/?page_id=80\",\"name\":\"Przeprowadzki Polska Anglia - LOCOBUS MI\u0118DZYNARODOWE PRZEWOZY PASA\u017bERSKIE\",\"isPartOf\":{\"@id\":\"https:\\\/\\\/locobus.pl\\\/#website\"},\"primaryImageOfPage\":{\"@id\":\"https:\\\/\\\/locobus.pl\\\/?page_id=80#primaryimage\"},\"image\":{\"@id\":\"https:\\\/\\\/locobus.pl\\\/?page_id=80#primaryimage\"},\"thumbnailUrl\":\"https:\\\/\\\/elementor.studiomicroads.pl\\\/wp-content\\\/uploads\\\/elementor\\\/thumbs\\\/pexels-karolina-grabowska-4498143-scaled-q4wawfjvot7wjqx5bxfcm59au8u52ax0ljeq3fzugw.jpg\",\"datePublished\":\"2023-04-11T11:08:38+00:00\",\"dateModified\":\"2023-04-18T10:42:12+00:00\",\"breadcrumb\":{\"@id\":\"https:\\\/\\\/locobus.pl\\\/?page_id=80#breadcrumb\"},\"inLanguage\":\"pl-PL\",\"potentialAction\":[{\"@type\":\"ReadAction\",\"target\":[\"https:\\\/\\\/locobus.pl\\\/?page_id=80\"]}]},{\"@type\":\"ImageObject\",\"inLanguage\":\"pl-PL\",\"@id\":\"https:\\\/\\\/locobus.pl\\\/?page_id=80#primaryimage\",\"url\":\"https:\\\/\\\/elementor.studiomicroads.pl\\\/wp-content\\\/uploads\\\/elementor\\\/thumbs\\\/pexels-karolina-grabowska-4498143-scaled-q4wawfjvot7wjqx5bxfcm59au8u52ax0ljeq3fzugw.jpg\",\"contentUrl\":\"https:\\\/\\\/elementor.studiomicroads.pl\\\/wp-content\\\/uploads\\\/elementor\\\/thumbs\\\/pexels-karolina-grabowska-4498143-scaled-q4wawfjvot7wjqx5bxfcm59au8u52ax0ljeq3fzugw.jpg\"},{\"@type\":\"BreadcrumbList\",\"@id\":\"https:\\\/\\\/locobus.pl\\\/?page_id=80#breadcrumb\",\"itemListElement\":[{\"@type\":\"ListItem\",\"position\":1,\"name\":\"Strona g\u0142\u00f3wna\",\"item\":\"https:\\\/\\\/locobus.pl\\\/\"},{\"@type\":\"ListItem\",\"position\":2,\"name\":\"Przeprowadzki Polska Anglia\"}]},{\"@type\":\"WebSite\",\"@id\":\"https:\\\/\\\/locobus.pl\\\/#website\",\"url\":\"https:\\\/\\\/locobus.pl\\\/\",\"name\":\"LOCOBUS MI\u0118DZYNARODOWE PRZEWOZY PASA\u017bERSKIE\",\"description\":\"\",\"potentialAction\":[{\"@type\":\"SearchAction\",\"target\":{\"@type\":\"EntryPoint\",\"urlTemplate\":\"https:\\\/\\\/locobus.pl\\\/?s={search_term_string}\"},\"query-input\":{\"@type\":\"PropertyValueSpecification\",\"valueRequired\":true,\"valueName\":\"search_term_string\"}}],\"inLanguage\":\"pl-PL\"}]}<\/script>\n<!-- \/ Yoast SEO plugin. -->","yoast_head_json":{"title":"Przeprowadzki Polska Anglia - LOCOBUS MI\u0118DZYNARODOWE PRZEWOZY PASA\u017bERSKIE","robots":{"index":"index","follow":"follow","max-snippet":"max-snippet:-1","max-image-preview":"max-image-preview:large","max-video-preview":"max-video-preview:-1"},"canonical":"https:\/\/locobus.pl\/?page_id=80","og_locale":"pl_PL","og_type":"article","og_title":"Przeprowadzki Polska Anglia - LOCOBUS MI\u0118DZYNARODOWE PRZEWOZY PASA\u017bERSKIE","og_description":"Przeprowadzki Polska Anglia Planujesz przeprowadzk\u0119 z Polski do Anglii? Szukasz sprawdzonej firmy przewozowej, kt\u00f3ra zorganizuje Ci przeprowadzk\u0119 z Polski do Anglii szybko, sprawnie i bezpiecznie? Dobrze trafi\u0142e\u015b! Nasza firma przeprowadzkowa oferuje kompleksowe us\u0142ugi transportowe z Polski do Anglii. Dzi\u0119ki naszej pomocy przeprowadzka stanie si\u0119 \u0142atwa i bezstresowa. Zapraszamy do zapoznania si\u0119 z nasz\u0105 ofert\u0105. Nasza [&hellip;]","og_url":"https:\/\/locobus.pl\/?page_id=80","og_site_name":"LOCOBUS MI\u0118DZYNARODOWE PRZEWOZY PASA\u017bERSKIE","article_modified_time":"2023-04-18T10:42:12+00:00","og_image":[{"url":"https:\/\/elementor.studiomicroads.pl\/wp-content\/uploads\/elementor\/thumbs\/pexels-karolina-grabowska-4498143-scaled-q4wawfjvot7wjqx5bxfcm59au8u52ax0ljeq3fzugw.jpg","type":"","width":"","height":""}],"twitter_card":"summary_large_image","twitter_misc":{"Szacowany czas czytania":"2 minuty"},"schema":{"@context":"https:\/\/schema.org","@graph":[{"@type":"WebPage","@id":"https:\/\/locobus.pl\/?page_id=80","url":"https:\/\/locobus.pl\/?page_id=80","name":"Przeprowadzki Polska Anglia - LOCOBUS MI\u0118DZYNARODOWE PRZEWOZY PASA\u017bERSKIE","isPartOf":{"@id":"https:\/\/locobus.pl\/#website"},"primaryImageOfPage":{"@id":"https:\/\/locobus.pl\/?page_id=80#primaryimage"},"image":{"@id":"https:\/\/locobus.pl\/?page_id=80#primaryimage"},"thumbnailUrl":"https:\/\/elementor.studiomicroads.pl\/wp-content\/uploads\/elementor\/thumbs\/pexels-karolina-grabowska-4498143-scaled-q4wawfjvot7wjqx5bxfcm59au8u52ax0ljeq3fzugw.jpg","datePublished":"2023-04-11T11:08:38+00:00","dateModified":"2023-04-18T10:42:12+00:00","breadcrumb":{"@id":"https:\/\/locobus.pl\/?page_id=80#breadcrumb"},"inLanguage":"pl-PL","potentialAction":[{"@type":"ReadAction","target":["https:\/\/locobus.pl\/?page_id=80"]}]},{"@type":"ImageObject","inLanguage":"pl-PL","@id":"https:\/\/locobus.pl\/?page_id=80#primaryimage","url":"https:\/\/elementor.studiomicroads.pl\/wp-content\/uploads\/elementor\/thumbs\/pexels-karolina-grabowska-4498143-scaled-q4wawfjvot7wjqx5bxfcm59au8u52ax0ljeq3fzugw.jpg","contentUrl":"https:\/\/elementor.studiomicroads.pl\/wp-content\/uploads\/elementor\/thumbs\/pexels-karolina-grabowska-4498143-scaled-q4wawfjvot7wjqx5bxfcm59au8u52ax0ljeq3fzugw.jpg"},{"@type":"BreadcrumbList","@id":"https:\/\/locobus.pl\/?page_id=80#breadcrumb","itemListElement":[{"@type":"ListItem","position":1,"name":"Strona g\u0142\u00f3wna","item":"https:\/\/locobus.pl\/"},{"@type":"ListItem","position":2,"name":"Przeprowadzki Polska Anglia"}]},{"@type":"WebSite","@id":"https:\/\/locobus.pl\/#website","url":"https:\/\/locobus.pl\/","name":"LOCOBUS MI\u0118DZYNARODOWE PRZEWOZY PASA\u017bERSKIE","description":"","potentialAction":[{"@type":"SearchAction","target":{"@type":"EntryPoint","urlTemplate":"https:\/\/locobus.pl\/?s={search_term_string}"},"query-input":{"@type":"PropertyValueSpecification","valueRequired":true,"valueName":"search_term_string"}}],"inLanguage":"pl-PL"}]}},"_links":{"self":[{"href":"https:\/\/locobus.pl\/index.php?rest_route=\/wp\/v2\/pages\/80","targetHints":{"allow":["GET"]}}],"collection":[{"href":"https:\/\/locobus.pl\/index.php?rest_route=\/wp\/v2\/pages"}],"about":[{"href":"https:\/\/locobus.pl\/index.php?rest_route=\/wp\/v2\/types\/page"}],"author":[{"embeddable":true,"href":"https:\/\/locobus.pl\/index.php?rest_route=\/wp\/v2\/users\/1"}],"replies":[{"embeddable":true,"href":"https:\/\/locobus.pl\/index.php?rest_route=%2Fwp%2Fv2%2Fcomments&post=80"}],"version-history":[{"count":11,"href":"https:\/\/locobus.pl\/index.php?rest_route=\/wp\/v2\/pages\/80\/revisions"}],"predecessor-version":[{"id":215,"href":"https:\/\/locobus.pl\/index.php?rest_route=\/wp\/v2\/pages\/80\/revisions\/215"}],"wp:attachment":[{"href":"https:\/\/locobus.pl\/index.php?rest_route=%2Fwp%2Fv2%2Fmedia&parent=80"}],"curies":[{"name":"wp","href":"https:\/\/api.w.org\/{rel}","templated":true}]}}