{"id":78,"date":"2023-04-11T11:08:38","date_gmt":"2023-04-11T11:08:38","guid":{"rendered":"https:\/\/elementor.studiomicroads.pl\/?page_id=78"},"modified":"2023-04-12T09:28:27","modified_gmt":"2023-04-12T09:28:27","slug":"przewoz-paczek-anglia-polska","status":"publish","type":"page","link":"https:\/\/locobus.pl\/?page_id=78","title":{"rendered":"Przew\u00f3z paczek Anglia Polska"},"content":{"rendered":"\t\t<div data-elementor-type=\"wp-page\" data-elementor-id=\"78\" class=\"elementor elementor-78\" data-elementor-post-type=\"page\">\n\t\t\t\t\t\t<section class=\"elementor-section elementor-top-section elementor-element elementor-element-11d8650 elementor-section-height-min-height elementor-section-content-middle elementor-section-boxed elementor-section-height-default elementor-section-items-middle\" data-id=\"11d8650\" data-element_type=\"section\" data-e-type=\"section\" data-settings=\"{&quot;background_background&quot;:&quot;classic&quot;}\">\n\t\t\t\t\t\t<div class=\"elementor-container elementor-column-gap-default\">\n\t\t\t\t\t<div class=\"elementor-column elementor-col-100 elementor-top-column elementor-element elementor-element-29163f2a\" data-id=\"29163f2a\" data-element_type=\"column\" data-e-type=\"column\">\n\t\t\t<div class=\"elementor-widget-wrap elementor-element-populated\">\n\t\t\t\t\t\t<div class=\"elementor-element elementor-element-6f76487a elementor-align-center elementor-widget elementor-widget-breadcrumbs\" data-id=\"6f76487a\" data-element_type=\"widget\" data-e-type=\"widget\" data-widget_type=\"breadcrumbs.default\">\n\t\t\t\t<div class=\"elementor-widget-container\">\n\t\t\t\t\t<p id=\"breadcrumbs\"><span><span><a href=\"https:\/\/locobus.pl\/\">Strona g\u0142\u00f3wna<\/a><\/span><\/span><\/p>\t\t\t\t<\/div>\n\t\t\t\t<\/div>\n\t\t\t\t\t<\/div>\n\t\t<\/div>\n\t\t\t\t\t<\/div>\n\t\t<\/section>\n\t\t\t\t<section class=\"elementor-section elementor-top-section elementor-element elementor-element-27a2aced elementor-section-boxed elementor-section-height-default elementor-section-height-default\" data-id=\"27a2aced\" data-element_type=\"section\" data-e-type=\"section\">\n\t\t\t\t\t\t<div class=\"elementor-container elementor-column-gap-default\">\n\t\t\t\t\t<div class=\"elementor-column elementor-col-50 elementor-top-column elementor-element elementor-element-6a11b608\" data-id=\"6a11b608\" data-element_type=\"column\" data-e-type=\"column\">\n\t\t\t<div class=\"elementor-widget-wrap elementor-element-populated\">\n\t\t\t\t\t\t<div class=\"elementor-element elementor-element-6008aa23 elementor-widget elementor-widget-heading\" data-id=\"6008aa23\" data-element_type=\"widget\" data-e-type=\"widget\" data-widget_type=\"heading.default\">\n\t\t\t\t<div class=\"elementor-widget-container\">\n\t\t\t\t\t<h2 class=\"elementor-heading-title elementor-size-default\">Przew\u00f3z paczek Anglia Polska<\/h2>\t\t\t\t<\/div>\n\t\t\t\t<\/div>\n\t\t\t\t<div class=\"elementor-element elementor-element-60cdcab4 elementor-widget elementor-widget-text-editor\" data-id=\"60cdcab4\" data-element_type=\"widget\" data-e-type=\"widget\" data-widget_type=\"text-editor.default\">\n\t\t\t\t<div class=\"elementor-widget-container\">\n\t\t\t\t\t\t\t\t\t<p>Je\u015bli potrzebujesz szybkiego i bezpiecznego przewozu paczek mi\u0119dzy Angli\u0105 a Polsk\u0105, warto zwr\u00f3ci\u0107 uwag\u0119 na us\u0142ugi firm oferuj\u0105cych przew\u00f3z paczek Anglia Polska. Dzi\u0119ki nim, mo\u017cesz bezpiecznie i sprawnie przes\u0142a\u0107 swoje paczki w obie strony, bez martwienia si\u0119 o koszty czy jako\u015b\u0107 us\u0142ug.<\/p><p>Przew\u00f3z paczek Anglia Polska to idealne rozwi\u0105zanie dla os\u00f3b, kt\u00f3re cz\u0119sto wysy\u0142aj\u0105 paczki do Polski lub z Polski do Anglii. Firma oferuj\u0105ca taki przew\u00f3z zajmuje si\u0119 wszystkimi formalno\u015bciami zwi\u0105zanymi z transportem paczek, w tym r\u00f3wnie\u017c odpraw\u0105 celn\u0105. Dzi\u0119ki temu, mo\u017cesz mie\u0107 pewno\u015b\u0107, \u017ce Twoje paczki dotr\u0105 do celu w terminie i bez problem\u00f3w.<\/p>\t\t\t\t\t\t\t\t<\/div>\n\t\t\t\t<\/div>\n\t\t\t\t\t<\/div>\n\t\t<\/div>\n\t\t\t\t<div class=\"elementor-column elementor-col-50 elementor-top-column elementor-element elementor-element-bcc6639\" data-id=\"bcc6639\" data-element_type=\"column\" data-e-type=\"column\">\n\t\t\t<div class=\"elementor-widget-wrap elementor-element-populated\">\n\t\t\t\t\t\t<div class=\"elementor-element elementor-element-6c50dad9 elementor-widget elementor-widget-image\" data-id=\"6c50dad9\" data-element_type=\"widget\" data-e-type=\"widget\" data-widget_type=\"image.default\">\n\t\t\t\t<div class=\"elementor-widget-container\">\n\t\t\t\t\t\t\t\t\t\t\t\t\t\t\t<img fetchpriority=\"high\" decoding=\"async\" width=\"800\" height=\"534\" src=\"https:\/\/locobus.pl\/wp-content\/uploads\/2023\/04\/pexels-tima-miroshnichenko-6169033-1024x683.jpg\" class=\"attachment-large size-large wp-image-128\" alt=\"\" srcset=\"https:\/\/locobus.pl\/wp-content\/uploads\/2023\/04\/pexels-tima-miroshnichenko-6169033-1024x683.jpg 1024w, https:\/\/locobus.pl\/wp-content\/uploads\/2023\/04\/pexels-tima-miroshnichenko-6169033-300x200.jpg 300w, https:\/\/locobus.pl\/wp-content\/uploads\/2023\/04\/pexels-tima-miroshnichenko-6169033-768x512.jpg 768w, https:\/\/locobus.pl\/wp-content\/uploads\/2023\/04\/pexels-tima-miroshnichenko-6169033-1536x1024.jpg 1536w, https:\/\/locobus.pl\/wp-content\/uploads\/2023\/04\/pexels-tima-miroshnichenko-6169033-2048x1365.jpg 2048w\" sizes=\"(max-width: 800px) 100vw, 800px\" \/>\t\t\t\t\t\t\t\t\t\t\t\t\t\t\t<\/div>\n\t\t\t\t<\/div>\n\t\t\t\t\t<\/div>\n\t\t<\/div>\n\t\t\t\t\t<\/div>\n\t\t<\/section>\n\t\t\t\t<section class=\"elementor-section elementor-top-section elementor-element elementor-element-2f48b4a7 elementor-section-boxed elementor-section-height-default elementor-section-height-default\" data-id=\"2f48b4a7\" data-element_type=\"section\" data-e-type=\"section\" data-settings=\"{&quot;background_background&quot;:&quot;classic&quot;}\">\n\t\t\t\t\t\t\t<div class=\"elementor-background-overlay\"><\/div>\n\t\t\t\t\t\t\t<div class=\"elementor-container elementor-column-gap-default\">\n\t\t\t\t\t<div class=\"elementor-column elementor-col-100 elementor-top-column elementor-element elementor-element-435a4edd\" data-id=\"435a4edd\" data-element_type=\"column\" data-e-type=\"column\">\n\t\t\t<div class=\"elementor-widget-wrap elementor-element-populated\">\n\t\t\t\t\t\t<div class=\"elementor-element elementor-element-207668e3 elementor-widget-divider--view-line elementor-widget elementor-widget-divider\" data-id=\"207668e3\" data-element_type=\"widget\" data-e-type=\"widget\" data-widget_type=\"divider.default\">\n\t\t\t\t<div class=\"elementor-widget-container\">\n\t\t\t\t\t\t\t<div class=\"elementor-divider\">\n\t\t\t<span class=\"elementor-divider-separator\">\n\t\t\t\t\t\t<\/span>\n\t\t<\/div>\n\t\t\t\t\t\t<\/div>\n\t\t\t\t<\/div>\n\t\t\t\t<div class=\"elementor-element elementor-element-11a81a46 tekst elementor-widget elementor-widget-text-editor\" data-id=\"11a81a46\" data-element_type=\"widget\" data-e-type=\"widget\" data-widget_type=\"text-editor.default\">\n\t\t\t\t<div class=\"elementor-widget-container\">\n\t\t\t\t\t\t\t\t\t<p>Oferujemy mo\u017cliwo\u015b\u0107 zam\u00f3wienia kursu przez telefon&nbsp;<a href=\"http:\/\/tel:+48667180535\" target=\"_blank\"><b>667-180-535<\/b><\/a>, poprzez wys\u0142anie kr\u00f3tkiej wiadomo\u015bci <b>SMS <\/b>lub przez <b>internet<\/b>.<\/p>\t\t\t\t\t\t\t\t<\/div>\n\t\t\t\t<\/div>\n\t\t\t\t<div class=\"elementor-element elementor-element-609dd1f elementor-widget-divider--view-line elementor-widget elementor-widget-divider\" data-id=\"609dd1f\" data-element_type=\"widget\" data-e-type=\"widget\" data-widget_type=\"divider.default\">\n\t\t\t\t<div class=\"elementor-widget-container\">\n\t\t\t\t\t\t\t<div class=\"elementor-divider\">\n\t\t\t<span class=\"elementor-divider-separator\">\n\t\t\t\t\t\t<\/span>\n\t\t<\/div>\n\t\t\t\t\t\t<\/div>\n\t\t\t\t<\/div>\n\t\t\t\t\t<\/div>\n\t\t<\/div>\n\t\t\t\t\t<\/div>\n\t\t<\/section>\n\t\t\t\t<section class=\"elementor-section elementor-top-section elementor-element elementor-element-a49725f elementor-section-boxed elementor-section-height-default elementor-section-height-default\" data-id=\"a49725f\" data-element_type=\"section\" data-e-type=\"section\">\n\t\t\t\t\t\t<div class=\"elementor-container elementor-column-gap-default\">\n\t\t\t\t\t<div class=\"elementor-column elementor-col-50 elementor-top-column elementor-element elementor-element-40943082\" data-id=\"40943082\" data-element_type=\"column\" data-e-type=\"column\">\n\t\t\t<div class=\"elementor-widget-wrap elementor-element-populated\">\n\t\t\t\t\t\t<div class=\"elementor-element elementor-element-6e7eb4c3 elementor-widget elementor-widget-text-editor\" data-id=\"6e7eb4c3\" data-element_type=\"widget\" data-e-type=\"widget\" data-widget_type=\"text-editor.default\">\n\t\t\t\t<div class=\"elementor-widget-container\">\n\t\t\t\t\t\t\t\t\t<p>Jednym z g\u0142\u00f3wnych atut\u00f3w przewozu paczek Anglia Polska jest szybko\u015b\u0107 dostarczenia. Firmy oferuj\u0105ce ten rodzaj przewozu korzystaj\u0105 z wielu r\u00f3\u017cnych po\u0142\u0105cze\u0144 lotniczych i drogowych, dzi\u0119ki czemu paczki s\u0105 przewo\u017cone w szybkim tempie. Dodatkowo, firma oferuj\u0105ca przew\u00f3z paczek Anglia Polska zajmuje si\u0119 r\u00f3wnie\u017c odpowiednim zabezpieczeniem przesy\u0142ki, co zwi\u0119ksza jej bezpiecze\u0144stwo w trakcie transportu.<\/p><p>Warto r\u00f3wnie\u017c zwr\u00f3ci\u0107 uwag\u0119 na koszty zwi\u0105zane z przewozem paczek Anglia Polska. Wi\u0119kszo\u015b\u0107 firm oferuje atrakcyjne ceny za przesy\u0142ki, a tak\u017ce rabaty dla sta\u0142ych klient\u00f3w. Dzi\u0119ki temu, mo\u017cesz zaoszcz\u0119dzi\u0107 znaczne kwoty na przesy\u0142ce paczek mi\u0119dzy Angli\u0105 a Polsk\u0105.<\/p>\t\t\t\t\t\t\t\t<\/div>\n\t\t\t\t<\/div>\n\t\t\t\t\t<\/div>\n\t\t<\/div>\n\t\t\t\t<div class=\"elementor-column elementor-col-50 elementor-top-column elementor-element elementor-element-44f6a866\" data-id=\"44f6a866\" data-element_type=\"column\" data-e-type=\"column\">\n\t\t\t<div class=\"elementor-widget-wrap elementor-element-populated\">\n\t\t\t\t\t\t<div class=\"elementor-element elementor-element-612682a9 elementor-widget elementor-widget-text-editor\" data-id=\"612682a9\" data-element_type=\"widget\" data-e-type=\"widget\" data-widget_type=\"text-editor.default\">\n\t\t\t\t<div class=\"elementor-widget-container\">\n\t\t\t\t\t\t\t\t\t<p>Przy wyborze konkretnej firmy oferuj\u0105cej przew\u00f3z paczek Anglia Polska warto zwr\u00f3ci\u0107 uwag\u0119 na kilka aspekt\u00f3w. Po pierwsze, firma powinna mie\u0107 dobre opinie od klient\u00f3w, co \u015bwiadczy o jako\u015bci us\u0142ug. Po drugie, warto sprawdzi\u0107, czy firma oferuje ubezpieczenie przesy\u0142ki w przypadku ewentualnych szk\u00f3d w trakcie transportu. Po trzecie, warto zwr\u00f3ci\u0107 uwag\u0119 na czas dostarczenia przesy\u0142ki oraz koszty transportu.<\/p><p>Podsumowuj\u0105c, przew\u00f3z paczek Anglia Polska to doskona\u0142e rozwi\u0105zanie dla os\u00f3b, kt\u00f3re potrzebuj\u0105 szybkiego i bezpiecznego transportu paczek mi\u0119dzy Angli\u0105 a Polsk\u0105. Firmy oferuj\u0105ce ten rodzaj us\u0142ugi zajmuj\u0105 si\u0119 wszystkimi formalno\u015bciami zwi\u0105zanymi z transportem paczek, dzi\u0119ki czemu mo\u017cesz mie\u0107 pewno\u015b\u0107, \u017ce Twoje paczki dotr\u0105 do celu w terminie i bez problem\u00f3w. Przy wyborze konkretnej firmy warto zwr\u00f3ci\u0107 uwag\u0119 na jej opinie, oferowane ubezpieczenie przesy\u0142ki oraz koszty transportu.<\/p>\t\t\t\t\t\t\t\t<\/div>\n\t\t\t\t<\/div>\n\t\t\t\t\t<\/div>\n\t\t<\/div>\n\t\t\t\t\t<\/div>\n\t\t<\/section>\n\t\t\t\t<\/div>\n\t\t","protected":false},"excerpt":{"rendered":"<p>Przew\u00f3z paczek Anglia Polska Je\u015bli potrzebujesz szybkiego i bezpiecznego przewozu paczek mi\u0119dzy Angli\u0105 a Polsk\u0105, warto zwr\u00f3ci\u0107 uwag\u0119 na us\u0142ugi firm oferuj\u0105cych przew\u00f3z paczek Anglia Polska. Dzi\u0119ki nim, mo\u017cesz bezpiecznie i sprawnie przes\u0142a\u0107 swoje paczki w obie strony, bez martwienia si\u0119 o koszty czy jako\u015b\u0107 us\u0142ug. Przew\u00f3z paczek Anglia Polska to idealne rozwi\u0105zanie dla os\u00f3b, [&hellip;]<\/p>\n","protected":false},"author":1,"featured_media":0,"parent":0,"menu_order":0,"comment_status":"closed","ping_status":"closed","template":"elementor_header_footer","meta":{"footnotes":""},"class_list":["post-78","page","type-page","status-publish","hentry"],"yoast_head":"<!-- This site is optimized with the Yoast SEO plugin v27.4 - https:\/\/yoast.com\/product\/yoast-seo-wordpress\/ -->\n<title>Przew\u00f3z paczek Anglia Polska - LOCOBUS MI\u0118DZYNARODOWE PRZEWOZY PASA\u017bERSKIE<\/title>\n<meta name=\"robots\" content=\"index, follow, max-snippet:-1, max-image-preview:large, max-video-preview:-1\" \/>\n<link rel=\"canonical\" href=\"https:\/\/locobus.pl\/?page_id=78\" \/>\n<meta property=\"og:locale\" content=\"pl_PL\" \/>\n<meta property=\"og:type\" content=\"article\" \/>\n<meta property=\"og:title\" content=\"Przew\u00f3z paczek Anglia Polska - LOCOBUS MI\u0118DZYNARODOWE PRZEWOZY PASA\u017bERSKIE\" \/>\n<meta property=\"og:description\" content=\"Przew\u00f3z paczek Anglia Polska Je\u015bli potrzebujesz szybkiego i bezpiecznego przewozu paczek mi\u0119dzy Angli\u0105 a Polsk\u0105, warto zwr\u00f3ci\u0107 uwag\u0119 na us\u0142ugi firm oferuj\u0105cych przew\u00f3z paczek Anglia Polska. Dzi\u0119ki nim, mo\u017cesz bezpiecznie i sprawnie przes\u0142a\u0107 swoje paczki w obie strony, bez martwienia si\u0119 o koszty czy jako\u015b\u0107 us\u0142ug. Przew\u00f3z paczek Anglia Polska to idealne rozwi\u0105zanie dla os\u00f3b, [&hellip;]\" \/>\n<meta property=\"og:url\" content=\"https:\/\/locobus.pl\/?page_id=78\" \/>\n<meta property=\"og:site_name\" content=\"LOCOBUS MI\u0118DZYNARODOWE PRZEWOZY PASA\u017bERSKIE\" \/>\n<meta property=\"article:modified_time\" content=\"2023-04-12T09:28:27+00:00\" \/>\n<meta property=\"og:image\" content=\"https:\/\/elementor.studiomicroads.pl\/wp-content\/uploads\/2023\/04\/pexels-tima-miroshnichenko-6169033-1024x683.jpg\" \/>\n<meta name=\"twitter:card\" content=\"summary_large_image\" \/>\n<meta name=\"twitter:label1\" content=\"Szacowany czas czytania\" \/>\n\t<meta name=\"twitter:data1\" content=\"3 minuty\" \/>\n<script type=\"application\/ld+json\" class=\"yoast-schema-graph\">{\"@context\":\"https:\\\/\\\/schema.org\",\"@graph\":[{\"@type\":\"WebPage\",\"@id\":\"https:\\\/\\\/locobus.pl\\\/?page_id=78\",\"url\":\"https:\\\/\\\/locobus.pl\\\/?page_id=78\",\"name\":\"Przew\u00f3z paczek Anglia Polska - LOCOBUS MI\u0118DZYNARODOWE PRZEWOZY PASA\u017bERSKIE\",\"isPartOf\":{\"@id\":\"https:\\\/\\\/locobus.pl\\\/#website\"},\"primaryImageOfPage\":{\"@id\":\"https:\\\/\\\/locobus.pl\\\/?page_id=78#primaryimage\"},\"image\":{\"@id\":\"https:\\\/\\\/locobus.pl\\\/?page_id=78#primaryimage\"},\"thumbnailUrl\":\"https:\\\/\\\/elementor.studiomicroads.pl\\\/wp-content\\\/uploads\\\/2023\\\/04\\\/pexels-tima-miroshnichenko-6169033-1024x683.jpg\",\"datePublished\":\"2023-04-11T11:08:38+00:00\",\"dateModified\":\"2023-04-12T09:28:27+00:00\",\"breadcrumb\":{\"@id\":\"https:\\\/\\\/locobus.pl\\\/?page_id=78#breadcrumb\"},\"inLanguage\":\"pl-PL\",\"potentialAction\":[{\"@type\":\"ReadAction\",\"target\":[\"https:\\\/\\\/locobus.pl\\\/?page_id=78\"]}]},{\"@type\":\"ImageObject\",\"inLanguage\":\"pl-PL\",\"@id\":\"https:\\\/\\\/locobus.pl\\\/?page_id=78#primaryimage\",\"url\":\"https:\\\/\\\/elementor.studiomicroads.pl\\\/wp-content\\\/uploads\\\/2023\\\/04\\\/pexels-tima-miroshnichenko-6169033-1024x683.jpg\",\"contentUrl\":\"https:\\\/\\\/elementor.studiomicroads.pl\\\/wp-content\\\/uploads\\\/2023\\\/04\\\/pexels-tima-miroshnichenko-6169033-1024x683.jpg\"},{\"@type\":\"BreadcrumbList\",\"@id\":\"https:\\\/\\\/locobus.pl\\\/?page_id=78#breadcrumb\",\"itemListElement\":[{\"@type\":\"ListItem\",\"position\":1,\"name\":\"Strona g\u0142\u00f3wna\",\"item\":\"https:\\\/\\\/locobus.pl\\\/\"},{\"@type\":\"ListItem\",\"position\":2,\"name\":\"Przew\u00f3z paczek Anglia Polska\"}]},{\"@type\":\"WebSite\",\"@id\":\"https:\\\/\\\/locobus.pl\\\/#website\",\"url\":\"https:\\\/\\\/locobus.pl\\\/\",\"name\":\"LOCOBUS MI\u0118DZYNARODOWE PRZEWOZY PASA\u017bERSKIE\",\"description\":\"\",\"potentialAction\":[{\"@type\":\"SearchAction\",\"target\":{\"@type\":\"EntryPoint\",\"urlTemplate\":\"https:\\\/\\\/locobus.pl\\\/?s={search_term_string}\"},\"query-input\":{\"@type\":\"PropertyValueSpecification\",\"valueRequired\":true,\"valueName\":\"search_term_string\"}}],\"inLanguage\":\"pl-PL\"}]}<\/script>\n<!-- \/ Yoast SEO plugin. -->","yoast_head_json":{"title":"Przew\u00f3z paczek Anglia Polska - LOCOBUS MI\u0118DZYNARODOWE PRZEWOZY PASA\u017bERSKIE","robots":{"index":"index","follow":"follow","max-snippet":"max-snippet:-1","max-image-preview":"max-image-preview:large","max-video-preview":"max-video-preview:-1"},"canonical":"https:\/\/locobus.pl\/?page_id=78","og_locale":"pl_PL","og_type":"article","og_title":"Przew\u00f3z paczek Anglia Polska - LOCOBUS MI\u0118DZYNARODOWE PRZEWOZY PASA\u017bERSKIE","og_description":"Przew\u00f3z paczek Anglia Polska Je\u015bli potrzebujesz szybkiego i bezpiecznego przewozu paczek mi\u0119dzy Angli\u0105 a Polsk\u0105, warto zwr\u00f3ci\u0107 uwag\u0119 na us\u0142ugi firm oferuj\u0105cych przew\u00f3z paczek Anglia Polska. Dzi\u0119ki nim, mo\u017cesz bezpiecznie i sprawnie przes\u0142a\u0107 swoje paczki w obie strony, bez martwienia si\u0119 o koszty czy jako\u015b\u0107 us\u0142ug. Przew\u00f3z paczek Anglia Polska to idealne rozwi\u0105zanie dla os\u00f3b, [&hellip;]","og_url":"https:\/\/locobus.pl\/?page_id=78","og_site_name":"LOCOBUS MI\u0118DZYNARODOWE PRZEWOZY PASA\u017bERSKIE","article_modified_time":"2023-04-12T09:28:27+00:00","og_image":[{"url":"https:\/\/elementor.studiomicroads.pl\/wp-content\/uploads\/2023\/04\/pexels-tima-miroshnichenko-6169033-1024x683.jpg","type":"","width":"","height":""}],"twitter_card":"summary_large_image","twitter_misc":{"Szacowany czas czytania":"3 minuty"},"schema":{"@context":"https:\/\/schema.org","@graph":[{"@type":"WebPage","@id":"https:\/\/locobus.pl\/?page_id=78","url":"https:\/\/locobus.pl\/?page_id=78","name":"Przew\u00f3z paczek Anglia Polska - LOCOBUS MI\u0118DZYNARODOWE PRZEWOZY PASA\u017bERSKIE","isPartOf":{"@id":"https:\/\/locobus.pl\/#website"},"primaryImageOfPage":{"@id":"https:\/\/locobus.pl\/?page_id=78#primaryimage"},"image":{"@id":"https:\/\/locobus.pl\/?page_id=78#primaryimage"},"thumbnailUrl":"https:\/\/elementor.studiomicroads.pl\/wp-content\/uploads\/2023\/04\/pexels-tima-miroshnichenko-6169033-1024x683.jpg","datePublished":"2023-04-11T11:08:38+00:00","dateModified":"2023-04-12T09:28:27+00:00","breadcrumb":{"@id":"https:\/\/locobus.pl\/?page_id=78#breadcrumb"},"inLanguage":"pl-PL","potentialAction":[{"@type":"ReadAction","target":["https:\/\/locobus.pl\/?page_id=78"]}]},{"@type":"ImageObject","inLanguage":"pl-PL","@id":"https:\/\/locobus.pl\/?page_id=78#primaryimage","url":"https:\/\/elementor.studiomicroads.pl\/wp-content\/uploads\/2023\/04\/pexels-tima-miroshnichenko-6169033-1024x683.jpg","contentUrl":"https:\/\/elementor.studiomicroads.pl\/wp-content\/uploads\/2023\/04\/pexels-tima-miroshnichenko-6169033-1024x683.jpg"},{"@type":"BreadcrumbList","@id":"https:\/\/locobus.pl\/?page_id=78#breadcrumb","itemListElement":[{"@type":"ListItem","position":1,"name":"Strona g\u0142\u00f3wna","item":"https:\/\/locobus.pl\/"},{"@type":"ListItem","position":2,"name":"Przew\u00f3z paczek Anglia Polska"}]},{"@type":"WebSite","@id":"https:\/\/locobus.pl\/#website","url":"https:\/\/locobus.pl\/","name":"LOCOBUS MI\u0118DZYNARODOWE PRZEWOZY PASA\u017bERSKIE","description":"","potentialAction":[{"@type":"SearchAction","target":{"@type":"EntryPoint","urlTemplate":"https:\/\/locobus.pl\/?s={search_term_string}"},"query-input":{"@type":"PropertyValueSpecification","valueRequired":true,"valueName":"search_term_string"}}],"inLanguage":"pl-PL"}]}},"_links":{"self":[{"href":"https:\/\/locobus.pl\/index.php?rest_route=\/wp\/v2\/pages\/78","targetHints":{"allow":["GET"]}}],"collection":[{"href":"https:\/\/locobus.pl\/index.php?rest_route=\/wp\/v2\/pages"}],"about":[{"href":"https:\/\/locobus.pl\/index.php?rest_route=\/wp\/v2\/types\/page"}],"author":[{"embeddable":true,"href":"https:\/\/locobus.pl\/index.php?rest_route=\/wp\/v2\/users\/1"}],"replies":[{"embeddable":true,"href":"https:\/\/locobus.pl\/index.php?rest_route=%2Fwp%2Fv2%2Fcomments&post=78"}],"version-history":[{"count":10,"href":"https:\/\/locobus.pl\/index.php?rest_route=\/wp\/v2\/pages\/78\/revisions"}],"predecessor-version":[{"id":201,"href":"https:\/\/locobus.pl\/index.php?rest_route=\/wp\/v2\/pages\/78\/revisions\/201"}],"wp:attachment":[{"href":"https:\/\/locobus.pl\/index.php?rest_route=%2Fwp%2Fv2%2Fmedia&parent=78"}],"curies":[{"name":"wp","href":"https:\/\/api.w.org\/{rel}","templated":true}]}}