{"id":216,"date":"2023-04-18T10:44:47","date_gmt":"2023-04-18T10:44:47","guid":{"rendered":"https:\/\/locobus.pl\/?page_id=216"},"modified":"2023-04-18T10:46:07","modified_gmt":"2023-04-18T10:46:07","slug":"przeprowadzki-anglia-polska","status":"publish","type":"page","link":"https:\/\/locobus.pl\/?page_id=216","title":{"rendered":"Przeprowadzki Anglia Polska"},"content":{"rendered":"\t\t<div data-elementor-type=\"wp-page\" data-elementor-id=\"216\" class=\"elementor elementor-216\" data-elementor-post-type=\"page\">\n\t\t\t\t\t\t<section class=\"elementor-section elementor-top-section elementor-element elementor-element-5d80ca8e elementor-section-height-min-height elementor-section-content-middle elementor-section-boxed elementor-section-height-default elementor-section-items-middle\" data-id=\"5d80ca8e\" data-element_type=\"section\" data-e-type=\"section\" data-settings=\"{&quot;background_background&quot;:&quot;classic&quot;}\">\n\t\t\t\t\t\t<div class=\"elementor-container elementor-column-gap-default\">\n\t\t\t\t\t<div class=\"elementor-column elementor-col-100 elementor-top-column elementor-element elementor-element-64898a35\" data-id=\"64898a35\" data-element_type=\"column\" data-e-type=\"column\">\n\t\t\t<div class=\"elementor-widget-wrap elementor-element-populated\">\n\t\t\t\t\t\t<div class=\"elementor-element elementor-element-3f9c5659 elementor-align-center elementor-widget elementor-widget-breadcrumbs\" data-id=\"3f9c5659\" data-element_type=\"widget\" data-e-type=\"widget\" data-widget_type=\"breadcrumbs.default\">\n\t\t\t\t<div class=\"elementor-widget-container\">\n\t\t\t\t\t<p id=\"breadcrumbs\"><span><span><a href=\"https:\/\/locobus.pl\/\">Strona g\u0142\u00f3wna<\/a><\/span><\/span><\/p>\t\t\t\t<\/div>\n\t\t\t\t<\/div>\n\t\t\t\t\t<\/div>\n\t\t<\/div>\n\t\t\t\t\t<\/div>\n\t\t<\/section>\n\t\t\t\t<section class=\"elementor-section elementor-top-section elementor-element elementor-element-77dbaebd elementor-section-boxed elementor-section-height-default elementor-section-height-default\" data-id=\"77dbaebd\" data-element_type=\"section\" data-e-type=\"section\">\n\t\t\t\t\t\t<div class=\"elementor-container elementor-column-gap-default\">\n\t\t\t\t\t<div class=\"elementor-column elementor-col-50 elementor-top-column elementor-element elementor-element-23046839\" data-id=\"23046839\" data-element_type=\"column\" data-e-type=\"column\">\n\t\t\t<div class=\"elementor-widget-wrap elementor-element-populated\">\n\t\t\t\t\t\t<div class=\"elementor-element elementor-element-224d93a7 elementor-widget elementor-widget-heading\" data-id=\"224d93a7\" data-element_type=\"widget\" data-e-type=\"widget\" data-widget_type=\"heading.default\">\n\t\t\t\t<div class=\"elementor-widget-container\">\n\t\t\t\t\t<h2 class=\"elementor-heading-title elementor-size-default\">Przeprowadzki Anglia Polska<\/h2>\t\t\t\t<\/div>\n\t\t\t\t<\/div>\n\t\t\t\t<div class=\"elementor-element elementor-element-2bd5d4f3 elementor-widget elementor-widget-text-editor\" data-id=\"2bd5d4f3\" data-element_type=\"widget\" data-e-type=\"widget\" data-widget_type=\"text-editor.default\">\n\t\t\t\t<div class=\"elementor-widget-container\">\n\t\t\t\t\t\t\t\t\t<p>Nasza firma przeprowadzkowa oferuje transport mienia z Anglii do Polski. Zajmujemy si\u0119 zar\u00f3wno przeprowadzkami indywidualnymi, jak i firmowymi. W naszej ofercie znajdziesz us\u0142ugi transportowe dla rodzin, student\u00f3w, a tak\u017ce dla przedsi\u0119biorstw. Niezale\u017cnie od tego, co chcesz przetransportowa\u0107 &#8211; meble, sprz\u0119t AGD, czy te\u017c dokumenty firmowe &#8211; mo\u017cesz by\u0107 pewien, \u017ce z nami dotrzesz do celu bezpiecznie i w terminie.<\/p><p>Nasza firma przeprowadzkowa zapewnia kompleksow\u0105 obs\u0142ug\u0119 transportow\u0105. Przygotujemy dla Ciebie plan przeprowadzki, zorganizujemy transport, a tak\u017ce zajmiemy si\u0119 pakowaniem i rozpakowywaniem Twojego mienia. Dzi\u0119ki naszym us\u0142ugom przeprowadzka stanie si\u0119 dla Ciebie \u0142atwa i bezpieczna. Dbamy o ka\u017cdy detal, aby Twoje mienie dotar\u0142o do celu w stanie nienaruszonym.<\/p>\t\t\t\t\t\t\t\t<\/div>\n\t\t\t\t<\/div>\n\t\t\t\t\t<\/div>\n\t\t<\/div>\n\t\t\t\t<div class=\"elementor-column elementor-col-50 elementor-top-column elementor-element elementor-element-53737659\" data-id=\"53737659\" data-element_type=\"column\" data-e-type=\"column\">\n\t\t\t<div class=\"elementor-widget-wrap elementor-element-populated\">\n\t\t\t\t\t\t<div class=\"elementor-element elementor-element-2b187d61 elementor-widget elementor-widget-image\" data-id=\"2b187d61\" data-element_type=\"widget\" data-e-type=\"widget\" data-widget_type=\"image.default\">\n\t\t\t\t<div class=\"elementor-widget-container\">\n\t\t\t\t\t\t\t\t\t\t\t\t\t\t\t<img fetchpriority=\"high\" decoding=\"async\" width=\"200\" height=\"300\" src=\"https:\/\/locobus.pl\/wp-content\/uploads\/2023\/04\/pexels-karolina-grabowska-4498143-200x300.jpg\" class=\"attachment-medium size-medium wp-image-138\" alt=\"\" srcset=\"https:\/\/locobus.pl\/wp-content\/uploads\/2023\/04\/pexels-karolina-grabowska-4498143-200x300.jpg 200w, https:\/\/locobus.pl\/wp-content\/uploads\/2023\/04\/pexels-karolina-grabowska-4498143-683x1024.jpg 683w, https:\/\/locobus.pl\/wp-content\/uploads\/2023\/04\/pexels-karolina-grabowska-4498143-768x1152.jpg 768w, https:\/\/locobus.pl\/wp-content\/uploads\/2023\/04\/pexels-karolina-grabowska-4498143-1024x1536.jpg 1024w, https:\/\/locobus.pl\/wp-content\/uploads\/2023\/04\/pexels-karolina-grabowska-4498143-scaled.jpg 1707w\" sizes=\"(max-width: 200px) 100vw, 200px\" \/>\t\t\t\t\t\t\t\t\t\t\t\t\t\t\t<\/div>\n\t\t\t\t<\/div>\n\t\t\t\t\t<\/div>\n\t\t<\/div>\n\t\t\t\t\t<\/div>\n\t\t<\/section>\n\t\t\t\t<section class=\"elementor-section elementor-top-section elementor-element elementor-element-3c467837 elementor-section-boxed elementor-section-height-default elementor-section-height-default\" data-id=\"3c467837\" data-element_type=\"section\" data-e-type=\"section\">\n\t\t\t\t\t\t<div class=\"elementor-container elementor-column-gap-default\">\n\t\t\t\t\t<div class=\"elementor-column elementor-col-100 elementor-top-column elementor-element elementor-element-20217b56\" data-id=\"20217b56\" data-element_type=\"column\" data-e-type=\"column\">\n\t\t\t<div class=\"elementor-widget-wrap elementor-element-populated\">\n\t\t\t\t\t\t<div class=\"elementor-element elementor-element-7569e4d elementor-widget elementor-widget-heading\" data-id=\"7569e4d\" data-element_type=\"widget\" data-e-type=\"widget\" data-widget_type=\"heading.default\">\n\t\t\t\t<div class=\"elementor-widget-container\">\n\t\t\t\t\t<h2 class=\"elementor-heading-title elementor-size-default\">Oferujemy kompleksowe us\u0142ugi transportowe, kt\u00f3re obejmuj\u0105:<\/h2>\t\t\t\t<\/div>\n\t\t\t\t<\/div>\n\t\t\t\t<div class=\"elementor-element elementor-element-6f6b10c1 elementor-widget elementor-widget-text-editor\" data-id=\"6f6b10c1\" data-element_type=\"widget\" data-e-type=\"widget\" data-widget_type=\"text-editor.default\">\n\t\t\t\t<div class=\"elementor-widget-container\">\n\t\t\t\t\t\t\t\t\t<ul><li style=\"font-weight: 400;\" aria-level=\"1\"><span style=\"font-weight: 400;\">Przygotowanie planu przeprowadzki &#8211; nasi do\u015bwiadczeni specjali\u015bci pomog\u0105 Ci w przygotowaniu planu przeprowadzki, kt\u00f3ry b\u0119dzie dostosowany do Twoich indywidualnych potrzeb. Dzi\u0119ki temu b\u0119dziesz mia\u0142 pewno\u015b\u0107, \u017ce ca\u0142y proces transportu przebiegnie sprawnie i bez \u017cadnych komplikacji.<\/span><p>\u00a0<\/p><\/li><li style=\"font-weight: 400;\" aria-level=\"1\"><span style=\"font-weight: 400;\">Zorganizowanie transportu &#8211; posiadamy flot\u0119 nowoczesnych pojazd\u00f3w, kt\u00f3re s\u0105 na bie\u017c\u0105co serwisowane i przegl\u0105dane, dzi\u0119ki temu jeste\u015bmy w stanie dostarczy\u0107 Twoje mienie z Anglii do Polski w wyznaczonym terminie.<\/span><p>\u00a0<\/p><\/li><li style=\"font-weight: 400;\" aria-level=\"1\"><span style=\"font-weight: 400;\">Pakowanie i rozpakowywanie mienia &#8211; nasza firma przeprowadzkowa zajmuje si\u0119 kompleksowym pakowaniem i rozpakowywaniem Twojego mienia. Posiadamy odpowiednie materia\u0142y do pakowania, dzi\u0119ki czemu jeste\u015bmy w stanie zapewni\u0107 bezpiecze\u0144stwo Twojego mienia podczas transportu.<\/span><p>\u00a0<\/p><\/li><li style=\"font-weight: 400;\" aria-level=\"1\"><span style=\"font-weight: 400;\">Ubezpieczenie mienia &#8211; nasza firma przeprowadzkowa oferuje ubezpieczenie mienia, dzi\u0119ki czemu masz pewno\u015b\u0107, \u017ce Twoje mienie jest w pe\u0142ni zabezpieczone przed ewentualnymi uszkodzeniami podczas transportu.<\/span><\/li><\/ul><p><span style=\"font-weight: 400;\">Jeste\u015bmy przekonani, \u017ce nasza firma przeprowadzkowa spe\u0142ni Twoje oczekiwania. Zapewniamy konkurencyjne ceny i wysok\u0105 jako\u015b\u0107 us\u0142ug. Naszym priorytetem jest zawsze zadowolenie klienta i dbanie o bezpiecze\u0144stwo przewo\u017conego mienia.<\/span><\/p><p>\u00a0<\/p><p><b>Dlaczego warto skorzysta\u0107 z naszych us\u0142ug?<\/b><\/p><p>\u00a0<\/p><ul><li style=\"font-weight: 400;\" aria-level=\"1\"><span style=\"font-weight: 400;\">Posiadamy wieloletnie do\u015bwiadczenie w bran\u017cy transportowej.<\/span><p>\u00a0<\/p><\/li><li style=\"font-weight: 400;\" aria-level=\"1\"><span style=\"font-weight: 400;\">Zatrudniamy tylko wykwalifikowanych pracownik\u00f3w, kt\u00f3rzy s\u0105 odpowiednio przeszkoleni w zakresie przeprowadzek.<\/span><p>\u00a0<\/p><\/li><li style=\"font-weight: 400;\" aria-level=\"1\"><span style=\"font-weight: 400;\">Oferujemy konkurencyjne ceny i wysok\u0105 jako\u015b\u0107 us\u0142ug.<\/span><p>\u00a0<\/p><\/li><li style=\"font-weight: 400;\" aria-level=\"1\"><span style=\"font-weight: 400;\">Dbamy o bezpiecze\u0144stwo Twojego mienia podczas transportu.<\/span><\/li><\/ul><p><span style=\"font-weight: 400;\">Je\u015bli szukasz profesjonalnej firmy przeprowadzkowej, kt\u00f3ra zorganizuje dla Ciebie transport z Anglii do Polski, skontaktuj si\u0119 z nami ju\u017c dzi\u015b! Jeste\u015bmy do Twojej dyspozycji i ch\u0119tnie odpowiemy na wszystkie Twoje pytania.<\/span><\/p>\t\t\t\t\t\t\t\t<\/div>\n\t\t\t\t<\/div>\n\t\t\t\t\t<\/div>\n\t\t<\/div>\n\t\t\t\t\t<\/div>\n\t\t<\/section>\n\t\t\t\t<\/div>\n\t\t","protected":false},"excerpt":{"rendered":"<p>Przeprowadzki Anglia Polska Nasza firma przeprowadzkowa oferuje transport mienia z Anglii do Polski. Zajmujemy si\u0119 zar\u00f3wno przeprowadzkami indywidualnymi, jak i firmowymi. W naszej ofercie znajdziesz us\u0142ugi transportowe dla rodzin, student\u00f3w, a tak\u017ce dla przedsi\u0119biorstw. Niezale\u017cnie od tego, co chcesz przetransportowa\u0107 &#8211; meble, sprz\u0119t AGD, czy te\u017c dokumenty firmowe &#8211; mo\u017cesz by\u0107 pewien, \u017ce z nami [&hellip;]<\/p>\n","protected":false},"author":1,"featured_media":0,"parent":0,"menu_order":0,"comment_status":"closed","ping_status":"closed","template":"elementor_header_footer","meta":{"footnotes":""},"class_list":["post-216","page","type-page","status-publish","hentry"],"yoast_head":"<!-- This site is optimized with the Yoast SEO plugin v27.4 - https:\/\/yoast.com\/product\/yoast-seo-wordpress\/ -->\n<title>Przeprowadzki Anglia Polska - LOCOBUS MI\u0118DZYNARODOWE PRZEWOZY PASA\u017bERSKIE<\/title>\n<meta name=\"robots\" content=\"index, follow, max-snippet:-1, max-image-preview:large, max-video-preview:-1\" \/>\n<link rel=\"canonical\" href=\"https:\/\/locobus.pl\/?page_id=216\" \/>\n<meta property=\"og:locale\" content=\"pl_PL\" \/>\n<meta property=\"og:type\" content=\"article\" \/>\n<meta property=\"og:title\" content=\"Przeprowadzki Anglia Polska - LOCOBUS MI\u0118DZYNARODOWE PRZEWOZY PASA\u017bERSKIE\" \/>\n<meta property=\"og:description\" content=\"Przeprowadzki Anglia Polska Nasza firma przeprowadzkowa oferuje transport mienia z Anglii do Polski. Zajmujemy si\u0119 zar\u00f3wno przeprowadzkami indywidualnymi, jak i firmowymi. W naszej ofercie znajdziesz us\u0142ugi transportowe dla rodzin, student\u00f3w, a tak\u017ce dla przedsi\u0119biorstw. Niezale\u017cnie od tego, co chcesz przetransportowa\u0107 &#8211; meble, sprz\u0119t AGD, czy te\u017c dokumenty firmowe &#8211; mo\u017cesz by\u0107 pewien, \u017ce z nami [&hellip;]\" \/>\n<meta property=\"og:url\" content=\"https:\/\/locobus.pl\/?page_id=216\" \/>\n<meta property=\"og:site_name\" content=\"LOCOBUS MI\u0118DZYNARODOWE PRZEWOZY PASA\u017bERSKIE\" \/>\n<meta property=\"article:modified_time\" content=\"2023-04-18T10:46:07+00:00\" \/>\n<meta property=\"og:image\" content=\"http:\/\/locobus.pl\/wp-content\/uploads\/2023\/04\/pexels-karolina-grabowska-4498143-200x300.jpg\" \/>\n<meta name=\"twitter:card\" content=\"summary_large_image\" \/>\n<meta name=\"twitter:label1\" content=\"Szacowany czas czytania\" \/>\n\t<meta name=\"twitter:data1\" content=\"3 minuty\" \/>\n<script type=\"application\/ld+json\" class=\"yoast-schema-graph\">{\"@context\":\"https:\\\/\\\/schema.org\",\"@graph\":[{\"@type\":\"WebPage\",\"@id\":\"https:\\\/\\\/locobus.pl\\\/?page_id=216\",\"url\":\"https:\\\/\\\/locobus.pl\\\/?page_id=216\",\"name\":\"Przeprowadzki Anglia Polska - LOCOBUS MI\u0118DZYNARODOWE PRZEWOZY PASA\u017bERSKIE\",\"isPartOf\":{\"@id\":\"https:\\\/\\\/locobus.pl\\\/#website\"},\"primaryImageOfPage\":{\"@id\":\"https:\\\/\\\/locobus.pl\\\/?page_id=216#primaryimage\"},\"image\":{\"@id\":\"https:\\\/\\\/locobus.pl\\\/?page_id=216#primaryimage\"},\"thumbnailUrl\":\"http:\\\/\\\/locobus.pl\\\/wp-content\\\/uploads\\\/2023\\\/04\\\/pexels-karolina-grabowska-4498143-200x300.jpg\",\"datePublished\":\"2023-04-18T10:44:47+00:00\",\"dateModified\":\"2023-04-18T10:46:07+00:00\",\"breadcrumb\":{\"@id\":\"https:\\\/\\\/locobus.pl\\\/?page_id=216#breadcrumb\"},\"inLanguage\":\"pl-PL\",\"potentialAction\":[{\"@type\":\"ReadAction\",\"target\":[\"https:\\\/\\\/locobus.pl\\\/?page_id=216\"]}]},{\"@type\":\"ImageObject\",\"inLanguage\":\"pl-PL\",\"@id\":\"https:\\\/\\\/locobus.pl\\\/?page_id=216#primaryimage\",\"url\":\"https:\\\/\\\/locobus.pl\\\/wp-content\\\/uploads\\\/2023\\\/04\\\/pexels-karolina-grabowska-4498143-scaled.jpg\",\"contentUrl\":\"https:\\\/\\\/locobus.pl\\\/wp-content\\\/uploads\\\/2023\\\/04\\\/pexels-karolina-grabowska-4498143-scaled.jpg\",\"width\":1707,\"height\":2560},{\"@type\":\"BreadcrumbList\",\"@id\":\"https:\\\/\\\/locobus.pl\\\/?page_id=216#breadcrumb\",\"itemListElement\":[{\"@type\":\"ListItem\",\"position\":1,\"name\":\"Strona g\u0142\u00f3wna\",\"item\":\"https:\\\/\\\/locobus.pl\\\/\"},{\"@type\":\"ListItem\",\"position\":2,\"name\":\"Przeprowadzki Anglia Polska\"}]},{\"@type\":\"WebSite\",\"@id\":\"https:\\\/\\\/locobus.pl\\\/#website\",\"url\":\"https:\\\/\\\/locobus.pl\\\/\",\"name\":\"LOCOBUS MI\u0118DZYNARODOWE PRZEWOZY PASA\u017bERSKIE\",\"description\":\"\",\"potentialAction\":[{\"@type\":\"SearchAction\",\"target\":{\"@type\":\"EntryPoint\",\"urlTemplate\":\"https:\\\/\\\/locobus.pl\\\/?s={search_term_string}\"},\"query-input\":{\"@type\":\"PropertyValueSpecification\",\"valueRequired\":true,\"valueName\":\"search_term_string\"}}],\"inLanguage\":\"pl-PL\"}]}<\/script>\n<!-- \/ Yoast SEO plugin. -->","yoast_head_json":{"title":"Przeprowadzki Anglia Polska - LOCOBUS MI\u0118DZYNARODOWE PRZEWOZY PASA\u017bERSKIE","robots":{"index":"index","follow":"follow","max-snippet":"max-snippet:-1","max-image-preview":"max-image-preview:large","max-video-preview":"max-video-preview:-1"},"canonical":"https:\/\/locobus.pl\/?page_id=216","og_locale":"pl_PL","og_type":"article","og_title":"Przeprowadzki Anglia Polska - LOCOBUS MI\u0118DZYNARODOWE PRZEWOZY PASA\u017bERSKIE","og_description":"Przeprowadzki Anglia Polska Nasza firma przeprowadzkowa oferuje transport mienia z Anglii do Polski. Zajmujemy si\u0119 zar\u00f3wno przeprowadzkami indywidualnymi, jak i firmowymi. W naszej ofercie znajdziesz us\u0142ugi transportowe dla rodzin, student\u00f3w, a tak\u017ce dla przedsi\u0119biorstw. Niezale\u017cnie od tego, co chcesz przetransportowa\u0107 &#8211; meble, sprz\u0119t AGD, czy te\u017c dokumenty firmowe &#8211; mo\u017cesz by\u0107 pewien, \u017ce z nami [&hellip;]","og_url":"https:\/\/locobus.pl\/?page_id=216","og_site_name":"LOCOBUS MI\u0118DZYNARODOWE PRZEWOZY PASA\u017bERSKIE","article_modified_time":"2023-04-18T10:46:07+00:00","og_image":[{"url":"http:\/\/locobus.pl\/wp-content\/uploads\/2023\/04\/pexels-karolina-grabowska-4498143-200x300.jpg","type":"","width":"","height":""}],"twitter_card":"summary_large_image","twitter_misc":{"Szacowany czas czytania":"3 minuty"},"schema":{"@context":"https:\/\/schema.org","@graph":[{"@type":"WebPage","@id":"https:\/\/locobus.pl\/?page_id=216","url":"https:\/\/locobus.pl\/?page_id=216","name":"Przeprowadzki Anglia Polska - LOCOBUS MI\u0118DZYNARODOWE PRZEWOZY PASA\u017bERSKIE","isPartOf":{"@id":"https:\/\/locobus.pl\/#website"},"primaryImageOfPage":{"@id":"https:\/\/locobus.pl\/?page_id=216#primaryimage"},"image":{"@id":"https:\/\/locobus.pl\/?page_id=216#primaryimage"},"thumbnailUrl":"http:\/\/locobus.pl\/wp-content\/uploads\/2023\/04\/pexels-karolina-grabowska-4498143-200x300.jpg","datePublished":"2023-04-18T10:44:47+00:00","dateModified":"2023-04-18T10:46:07+00:00","breadcrumb":{"@id":"https:\/\/locobus.pl\/?page_id=216#breadcrumb"},"inLanguage":"pl-PL","potentialAction":[{"@type":"ReadAction","target":["https:\/\/locobus.pl\/?page_id=216"]}]},{"@type":"ImageObject","inLanguage":"pl-PL","@id":"https:\/\/locobus.pl\/?page_id=216#primaryimage","url":"https:\/\/locobus.pl\/wp-content\/uploads\/2023\/04\/pexels-karolina-grabowska-4498143-scaled.jpg","contentUrl":"https:\/\/locobus.pl\/wp-content\/uploads\/2023\/04\/pexels-karolina-grabowska-4498143-scaled.jpg","width":1707,"height":2560},{"@type":"BreadcrumbList","@id":"https:\/\/locobus.pl\/?page_id=216#breadcrumb","itemListElement":[{"@type":"ListItem","position":1,"name":"Strona g\u0142\u00f3wna","item":"https:\/\/locobus.pl\/"},{"@type":"ListItem","position":2,"name":"Przeprowadzki Anglia Polska"}]},{"@type":"WebSite","@id":"https:\/\/locobus.pl\/#website","url":"https:\/\/locobus.pl\/","name":"LOCOBUS MI\u0118DZYNARODOWE PRZEWOZY PASA\u017bERSKIE","description":"","potentialAction":[{"@type":"SearchAction","target":{"@type":"EntryPoint","urlTemplate":"https:\/\/locobus.pl\/?s={search_term_string}"},"query-input":{"@type":"PropertyValueSpecification","valueRequired":true,"valueName":"search_term_string"}}],"inLanguage":"pl-PL"}]}},"_links":{"self":[{"href":"https:\/\/locobus.pl\/index.php?rest_route=\/wp\/v2\/pages\/216","targetHints":{"allow":["GET"]}}],"collection":[{"href":"https:\/\/locobus.pl\/index.php?rest_route=\/wp\/v2\/pages"}],"about":[{"href":"https:\/\/locobus.pl\/index.php?rest_route=\/wp\/v2\/types\/page"}],"author":[{"embeddable":true,"href":"https:\/\/locobus.pl\/index.php?rest_route=\/wp\/v2\/users\/1"}],"replies":[{"embeddable":true,"href":"https:\/\/locobus.pl\/index.php?rest_route=%2Fwp%2Fv2%2Fcomments&post=216"}],"version-history":[{"count":8,"href":"https:\/\/locobus.pl\/index.php?rest_route=\/wp\/v2\/pages\/216\/revisions"}],"predecessor-version":[{"id":224,"href":"https:\/\/locobus.pl\/index.php?rest_route=\/wp\/v2\/pages\/216\/revisions\/224"}],"wp:attachment":[{"href":"https:\/\/locobus.pl\/index.php?rest_route=%2Fwp%2Fv2%2Fmedia&parent=216"}],"curies":[{"name":"wp","href":"https:\/\/api.w.org\/{rel}","templated":true}]}}